{"id":817,"date":"2026-02-28T16:43:58","date_gmt":"2026-02-28T15:43:58","guid":{"rendered":"https:\/\/www.mick-dev.ovh\/noriasophro\/?page_id=817"},"modified":"2026-02-28T17:01:51","modified_gmt":"2026-02-28T16:01:51","slug":"sportifs-preparation-mentale","status":"publish","type":"page","link":"https:\/\/www.mick-dev.ovh\/noriasophro\/sportifs-preparation-mentale\/","title":{"rendered":"Sportifs &#8211; Pr\u00e9paration mentale"},"content":{"rendered":"\t\t<div data-elementor-type=\"wp-page\" data-elementor-id=\"817\" class=\"elementor elementor-817\">\n\t\t\t\t\t\t<section class=\"elementor-section elementor-top-section elementor-element elementor-element-fcb4d28 elementor-section-height-min-height elementor-section-boxed elementor-section-height-default elementor-section-items-middle\" data-id=\"fcb4d28\" data-element_type=\"section\" data-e-type=\"section\" data-settings=\"{&quot;background_background&quot;:&quot;classic&quot;}\">\n\t\t\t\t\t\t<div class=\"elementor-container elementor-column-gap-default\">\n\t\t\t\t\t<div class=\"elementor-column elementor-col-100 elementor-top-column elementor-element elementor-element-e32a31f\" data-id=\"e32a31f\" data-element_type=\"column\" data-e-type=\"column\">\n\t\t\t<div class=\"elementor-widget-wrap elementor-element-populated\">\n\t\t\t\t\t\t<div class=\"elementor-element elementor-element-0fac519 elementor-widget elementor-widget-heading\" data-id=\"0fac519\" data-element_type=\"widget\" data-e-type=\"widget\" data-widget_type=\"heading.default\">\n\t\t\t\t\t<h1 class=\"elementor-heading-title elementor-size-default\">Sportifs &amp; Pr\u00e9paration mentale<\/h1>\t\t\t\t<\/div>\n\t\t\t\t\t<\/div>\n\t\t<\/div>\n\t\t\t\t\t<\/div>\n\t\t<\/section>\n\t\t<div class=\"elementor-element elementor-element-57a54d9 e-flex e-con-boxed e-con e-parent\" data-id=\"57a54d9\" data-element_type=\"container\" data-e-type=\"container\">\n\t\t\t\t\t<div class=\"e-con-inner\">\n\t\t\t\t<div class=\"elementor-element elementor-element-1f898cc elementor-widget elementor-widget-text-editor\" data-id=\"1f898cc\" data-element_type=\"widget\" data-e-type=\"widget\" data-widget_type=\"text-editor.default\">\n\t\t\t\t\t\t\t\t\t<p data-start=\"269\" data-end=\"695\">La <strong data-start=\"272\" data-end=\"353\">pr\u00e9paration mentale est aujourd\u2019hui un \u00e9l\u00e9ment cl\u00e9 de la performance sportive<\/strong>, quel que soit le niveau ou la discipline. La sophrologie, par ses pratiques de respiration, de relaxation et de visualisation, permet au\u00b7\u00e0 la sportif\u00b7ve de renforcer ses ressources int\u00e9rieures, d\u2019optimiser sa concentration, de mieux g\u00e9rer ses \u00e9motions et d\u2019am\u00e9liorer sa r\u00e9cup\u00e9ration physique et mentale.<\/p><hr data-start=\"697\" data-end=\"700\" \/><h3 data-start=\"702\" data-end=\"726\">\ud83c\udfc3\u200d\u2642\ufe0f <strong data-start=\"712\" data-end=\"726\">Pour qui ?<\/strong><\/h3><p data-start=\"728\" data-end=\"789\">La sophrologie s\u2019adresse \u00e0 <strong data-start=\"755\" data-end=\"776\">tous les sportifs<\/strong>, y compris :<\/p><ul data-start=\"791\" data-end=\"947\"><li data-start=\"791\" data-end=\"855\"><p data-start=\"793\" data-end=\"855\">Les amateurs, semi-professionnels et athl\u00e8tes de haut niveau<\/p><\/li><li data-start=\"856\" data-end=\"910\"><p data-start=\"858\" data-end=\"910\">Tous \u00e2ges : enfants, adolescents, adultes, seniors<\/p><\/li><li data-start=\"911\" data-end=\"947\"><p data-start=\"913\" data-end=\"947\">Sports individuels et collectifs<\/p><\/li><\/ul><p data-start=\"949\" data-end=\"1147\">Les <strong data-start=\"953\" data-end=\"988\">entra\u00eeneurs et membres du staff<\/strong> peuvent aussi int\u00e9grer ces outils dans leur accompagnement pour renforcer la coh\u00e9sion d\u2019\u00e9quipe et parler un m\u00eame langage.<\/p><hr data-start=\"1149\" data-end=\"1152\" \/><h3 data-start=\"1154\" data-end=\"1199\">\ud83e\udd1d <strong data-start=\"1161\" data-end=\"1199\">Comment se d\u00e9roulent les s\u00e9ances ?<\/strong><\/h3><p data-start=\"1201\" data-end=\"1231\">Les s\u00e9ances peuvent se faire :<\/p><p data-start=\"1233\" data-end=\"1417\">\u2714 En <strong data-start=\"1238\" data-end=\"1252\">individuel<\/strong> \u2013 pour travailler des objectifs personnels<br data-start=\"1295\" data-end=\"1298\" \/>\u2714 En <strong data-start=\"1303\" data-end=\"1313\">groupe<\/strong> \u2013 pour ancrer une dynamique collective<br data-start=\"1352\" data-end=\"1355\" \/>\u2714 En <strong data-start=\"1360\" data-end=\"1369\">mixte<\/strong> \u2013 selon les besoins de l\u2019\u00e9quipe ou du sportif<\/p><p data-start=\"1419\" data-end=\"1586\">Elles peuvent se d\u00e9rouler en cabinet, en salle ou directement <strong data-start=\"1481\" data-end=\"1499\">sur le terrain<\/strong>, au c\u0153ur de l\u2019environnement quotidien du sportif.<\/p><hr data-start=\"1588\" data-end=\"1591\" \/><h3 data-start=\"1593\" data-end=\"1620\">\ud83c\udfaf <strong data-start=\"1600\" data-end=\"1620\">Objectifs cibl\u00e9s<\/strong><\/h3><p data-start=\"1622\" data-end=\"1657\">Un objectif bien d\u00e9fini doit \u00eatre :<\/p><ul data-start=\"1659\" data-end=\"1733\"><li data-start=\"1659\" data-end=\"1671\"><p data-start=\"1661\" data-end=\"1671\"><strong data-start=\"1661\" data-end=\"1671\">Pr\u00e9cis<\/strong><\/p><\/li><li data-start=\"1672\" data-end=\"1687\"><p data-start=\"1674\" data-end=\"1687\"><strong data-start=\"1674\" data-end=\"1687\">Mesurable<\/strong><\/p><\/li><li data-start=\"1688\" data-end=\"1705\"><p data-start=\"1690\" data-end=\"1705\"><strong data-start=\"1690\" data-end=\"1705\">Atteignable<\/strong><\/p><\/li><li data-start=\"1706\" data-end=\"1733\"><p data-start=\"1708\" data-end=\"1733\"><strong data-start=\"1708\" data-end=\"1733\">D\u00e9livr\u00e9 dans le temps<\/strong><\/p><\/li><\/ul><p data-start=\"1735\" data-end=\"2001\">La sophrologie permet de travailler des objectifs pr\u00e9cis (par exemple : concentration, gestion du stress, r\u00e9cup\u00e9ration) plut\u00f4t que des intentions g\u00e9n\u00e9rales comme \u00ab gagner \u00bb, qui ne tiennent pas compte des facteurs incontr\u00f4lables.<\/p><blockquote data-start=\"2003\" data-end=\"2068\"><p data-start=\"2005\" data-end=\"2068\"><em data-start=\"2005\" data-end=\"2055\">\u00ab Un objectif bien d\u00e9fini est \u00e0 moiti\u00e9 atteint \u00bb<\/em> \u2014 A. Lincoln<\/p><\/blockquote><hr data-start=\"2070\" data-end=\"2073\" \/><h3 data-start=\"2075\" data-end=\"2126\">\ud83e\udde0 <strong data-start=\"2082\" data-end=\"2126\">Ce que la sophrologie apporte au sportif<\/strong><\/h3><p data-start=\"2128\" data-end=\"2223\">La sophrologie intervient de mani\u00e8re concr\u00e8te sur plusieurs axes essentiels de la performance :<\/p><h4 data-start=\"2225\" data-end=\"2256\">\ud83d\udd39 <strong data-start=\"2233\" data-end=\"2256\">Ancrage et pr\u00e9sence<\/strong><\/h4><p data-start=\"2257\" data-end=\"2364\">Apprendre \u00e0 \u00eatre pleinement dans l\u2019instant pr\u00e9sent, ici et maintenant.<\/p><h4 data-start=\"2366\" data-end=\"2405\">\ud83d\udd39 <strong data-start=\"2374\" data-end=\"2405\">Respiration et r\u00e9cup\u00e9ration<\/strong><\/h4><p data-start=\"2406\" data-end=\"2532\">Techniques qui am\u00e9liorent la gestion de l\u2019effort, l\u2019\u00e9nergie et les temps de r\u00e9cup\u00e9ration.<\/p><h4 data-start=\"2534\" data-end=\"2567\">\ud83d\udd39 <strong data-start=\"2542\" data-end=\"2567\">Relaxation corporelle<\/strong><\/h4><p data-start=\"2568\" data-end=\"2695\">Favoriser le rel\u00e2chement musculaire, diminuer les tensions et am\u00e9liorer la proprioception.<\/p><h4 data-start=\"2697\" data-end=\"2730\">\ud83d\udd39 <strong data-start=\"2705\" data-end=\"2730\">Visualisation mentale<\/strong><\/h4><p data-start=\"2731\" data-end=\"2879\">Cr\u00e9er des images mentales positives pour reproduire des gestes techniques ou anticiper des situations de match.<\/p><h4 data-start=\"2881\" data-end=\"2910\">\ud83d\udd39 <strong data-start=\"2889\" data-end=\"2910\">Gestion du stress<\/strong><\/h4><p data-start=\"2911\" data-end=\"3033\">Transforme le stress en ressource utile, en aidant \u00e0 rester dans sa zone de contr\u00f4le.<\/p><h4 data-start=\"3035\" data-end=\"3071\">\ud83d\udd39 <strong data-start=\"3043\" data-end=\"3071\">Activation des capacit\u00e9s<\/strong><\/h4><p data-start=\"3072\" data-end=\"3212\">D\u00e9velopper la confiance en soi, la motivation, le l\u00e2cher-prise et favoriser l\u2019acc\u00e8s \u00e0 l\u2019\u00e9tat de <em data-start=\"3168\" data-end=\"3174\">flow<\/em>.<\/p><h4 data-start=\"3214\" data-end=\"3259\">\ud83d\udd39 <strong data-start=\"3222\" data-end=\"3259\">Accompagnement en cas de blessure<\/strong><\/h4><p data-start=\"3260\" data-end=\"3401\">Maintenir la motivation, adapter la concentration et accepter les \u00e9tapes du processus de r\u00e9cup\u00e9ration.<\/p><hr data-start=\"3403\" data-end=\"3406\" \/><h3 data-start=\"3408\" data-end=\"3434\">\ud83d\udccd <strong data-start=\"3415\" data-end=\"3434\">R\u00e9sultats vis\u00e9s<\/strong><\/h3><p data-start=\"3436\" data-end=\"3498\">Gr\u00e2ce \u00e0 un accompagnement sophrologique r\u00e9gulier, tu pourras :<\/p><ul data-start=\"3500\" data-end=\"3769\"><li data-start=\"3500\" data-end=\"3559\"><p data-start=\"3502\" data-end=\"3559\">Mieux g\u00e9rer la pression et les \u00e9motions pr\u00e9comp\u00e9titives<\/p><\/li><li data-start=\"3560\" data-end=\"3606\"><p data-start=\"3562\" data-end=\"3606\">Optimiser ta concentration et ta vigilance<\/p><\/li><li data-start=\"3607\" data-end=\"3664\"><p data-start=\"3609\" data-end=\"3664\">Favoriser une r\u00e9cup\u00e9ration plus rapide apr\u00e8s l\u2019effort<\/p><\/li><li data-start=\"3665\" data-end=\"3708\"><p data-start=\"3667\" data-end=\"3708\">Ancrer des habitudes mentales positives<\/p><\/li><li data-start=\"3709\" data-end=\"3769\"><p data-start=\"3711\" data-end=\"3769\">Am\u00e9liorer ton interaction avec l\u2019\u00e9quipe et tes entra\u00eeneurs<\/p><\/li><\/ul><p data-start=\"3771\" data-end=\"3947\">\ud83d\udc49 La sophrologie ne remplace pas le suivi m\u00e9dical ou sportif, mais elle <strong data-start=\"3844\" data-end=\"3869\">compl\u00e8te parfaitement<\/strong> un entra\u00eenement physique ou technique.<\/p><hr data-start=\"3949\" data-end=\"3952\" \/><h3 data-start=\"3954\" data-end=\"3990\">\ud83d\udce9 <strong data-start=\"3961\" data-end=\"3990\">Envie d\u2019aller plus loin ?<\/strong><\/h3><p data-start=\"3992\" data-end=\"4211\">Pour toute question ou pour planifier une s\u00e9ance, <strong data-start=\"4042\" data-end=\"4066\">je suis \u00e0 ton \u00e9coute<\/strong>. Contacte-moi pour d\u00e9finir ensemble une approche adapt\u00e9e \u00e0 tes besoins sportifs.<br data-start=\"4147\" data-end=\"4150\" \/><em data-start=\"4150\" data-end=\"4211\">La sophrologie peut devenir ton atout mental au quotidien !<\/em><\/p>\t\t\t\t\t\t\t\t<\/div>\n\t\t\t\t\t<\/div>\n\t\t\t\t<\/div>\n\t\t\t\t<\/div>\n\t\t","protected":false},"excerpt":{"rendered":"<p>Sportifs &amp; Pr\u00e9paration mentale La pr\u00e9paration mentale est aujourd\u2019hui un \u00e9l\u00e9ment cl\u00e9 de la performance sportive, quel que soit le [&hellip;]<\/p>\n","protected":false},"author":1,"featured_media":0,"parent":0,"menu_order":0,"comment_status":"closed","ping_status":"closed","template":"","meta":{"site-sidebar-layout":"no-sidebar","site-content-layout":"","ast-site-content-layout":"full-width-container","site-content-style":"default","site-sidebar-style":"default","ast-global-header-display":"","ast-banner-title-visibility":"","ast-main-header-display":"","ast-hfb-above-header-display":"","ast-hfb-below-header-display":"","ast-hfb-mobile-header-display":"","site-post-title":"disabled","ast-breadcrumbs-content":"","ast-featured-img":"disabled","footer-sml-layout":"","ast-disable-related-posts":"","theme-transparent-header-meta":"","adv-header-id-meta":"","stick-header-meta":"","header-above-stick-meta":"","header-main-stick-meta":"","header-below-stick-meta":"","astra-migrate-meta-layouts":"default","ast-page-background-enabled":"default","ast-page-background-meta":{"desktop":{"background-color":"var(--ast-global-color-5)","background-image":"","background-repeat":"repeat","background-position":"center center","background-size":"auto","background-attachment":"scroll","background-type":"","background-media":"","overlay-type":"","overlay-color":"","overlay-opacity":"","overlay-gradient":""},"tablet":{"background-color":"","background-image":"","background-repeat":"repeat","background-position":"center center","background-size":"auto","background-attachment":"scroll","background-type":"","background-media":"","overlay-type":"","overlay-color":"","overlay-opacity":"","overlay-gradient":""},"mobile":{"background-color":"","background-image":"","background-repeat":"repeat","background-position":"center center","background-size":"auto","background-attachment":"scroll","background-type":"","background-media":"","overlay-type":"","overlay-color":"","overlay-opacity":"","overlay-gradient":""}},"ast-content-background-meta":{"desktop":{"background-color":"var(--ast-global-color-4)","background-image":"","background-repeat":"repeat","background-position":"center center","background-size":"auto","background-attachment":"scroll","background-type":"","background-media":"","overlay-type":"","overlay-color":"","overlay-opacity":"","overlay-gradient":""},"tablet":{"background-color":"var(--ast-global-color-4)","background-image":"","background-repeat":"repeat","background-position":"center center","background-size":"auto","background-attachment":"scroll","background-type":"","background-media":"","overlay-type":"","overlay-color":"","overlay-opacity":"","overlay-gradient":""},"mobile":{"background-color":"var(--ast-global-color-4)","background-image":"","background-repeat":"repeat","background-position":"center center","background-size":"auto","background-attachment":"scroll","background-type":"","background-media":"","overlay-type":"","overlay-color":"","overlay-opacity":"","overlay-gradient":""}},"footnotes":""},"class_list":["post-817","page","type-page","status-publish","hentry"],"_links":{"self":[{"href":"https:\/\/www.mick-dev.ovh\/noriasophro\/wp-json\/wp\/v2\/pages\/817","targetHints":{"allow":["GET"]}}],"collection":[{"href":"https:\/\/www.mick-dev.ovh\/noriasophro\/wp-json\/wp\/v2\/pages"}],"about":[{"href":"https:\/\/www.mick-dev.ovh\/noriasophro\/wp-json\/wp\/v2\/types\/page"}],"author":[{"embeddable":true,"href":"https:\/\/www.mick-dev.ovh\/noriasophro\/wp-json\/wp\/v2\/users\/1"}],"replies":[{"embeddable":true,"href":"https:\/\/www.mick-dev.ovh\/noriasophro\/wp-json\/wp\/v2\/comments?post=817"}],"version-history":[{"count":7,"href":"https:\/\/www.mick-dev.ovh\/noriasophro\/wp-json\/wp\/v2\/pages\/817\/revisions"}],"predecessor-version":[{"id":836,"href":"https:\/\/www.mick-dev.ovh\/noriasophro\/wp-json\/wp\/v2\/pages\/817\/revisions\/836"}],"wp:attachment":[{"href":"https:\/\/www.mick-dev.ovh\/noriasophro\/wp-json\/wp\/v2\/media?parent=817"}],"curies":[{"name":"wp","href":"https:\/\/api.w.org\/{rel}","templated":true}]}}